{"id":25,"date":"2016-09-29T21:15:25","date_gmt":"2016-09-29T21:15:25","guid":{"rendered":"http:\/\/unserkiel.de\/?page_id=25"},"modified":"2025-02-27T15:09:26","modified_gmt":"2025-02-27T15:09:26","slug":"preise-termine","status":"publish","type":"page","link":"https:\/\/unserkiel.de\/?page_id=25","title":{"rendered":"Termine &#038; Preise"},"content":{"rendered":"<p>[et_pb_section fb_built=&#8220;1&#8243; admin_label=&#8220;section&#8220; _builder_version=&#8220;4.9.3&#8243; custom_padding=&#8220;0px||||false|false&#8220;][et_pb_row admin_label=&#8220;row&#8220; _builder_version=&#8220;3.25&#8243; background_size=&#8220;initial&#8220; background_position=&#8220;top_left&#8220; background_repeat=&#8220;repeat&#8220;][et_pb_column type=&#8220;4_4&#8243; _builder_version=&#8220;3.25&#8243; custom_padding=&#8220;|||&#8220; custom_padding__hover=&#8220;|||&#8220;][et_pb_text admin_label=&#8220;Text&#8220; _builder_version=&#8220;4.9.3&#8243; header_line_height=&#8220;3em&#8220; header_2_line_height=&#8220;2.3em&#8220; background_size=&#8220;initial&#8220; background_position=&#8220;top_left&#8220; background_repeat=&#8220;repeat&#8220;]<\/p>\n<h1>Termine &#038; Preise<\/h1>\n<h2>Termine<\/h2>\n<p>Unseren f\u00fchrenden Kalender findest du bei <a href=\"http:\/\/www.airbnb.de\/\">Air-BnB<\/a> unter folgendem Link <a href=\"https:\/\/www.airbnb.de\/rooms\/13601812?checkin=01.11.2016&amp;checkout=02.11.2016&amp;s=Vd3iWeXI\" target=\"_blank\" rel=\"noopener\">Ferienwohnung UnserKiel<\/a>.<\/p>\n<p>Stelle f\u00fcr die verf\u00fcgbaren Zeitr\u00e4ume gern eine Anfrage per <a href=\"mailto:info@unserkiel.de\" target=\"_blank\" rel=\"noopener\">Email<\/a> oder rufe uns unter der Nummer <a href=\"tel:+4915233993513\">01523\/3993-513<\/a> an. Weiterhin hast Du \u00fcber <a href=\"http:\/\/www.airbnb.de\/\">Air-BnB<\/a> die M\u00f6glichkeit einer <a href=\"https:\/\/www.airbnb.de\/rooms\/13601812?checkin=01.11.2016&amp;checkout=02.11.2016&amp;s=Vd3iWeXI\" target=\"_blank\" rel=\"noopener\">Sofort-Buchung<\/a>. Das hei\u00dft,\u00a0du brauchst (wenn Du die Kriterien von <a href=\"http:\/\/www.airbnb.de\/\">Air-BnB<\/a> erf\u00fcllst) keine Best\u00e4tigung oder \u00c4hnliches abwarten!!!<\/p>\n<p>[\/et_pb_text][et_pb_text _builder_version=&#8220;4.9.3&#8243; _module_preset=&#8220;default&#8220;]<!-- [calendar id=\"323\"] -->[\/et_pb_text][et_pb_text _builder_version=&#8220;4.9.3&#8243; _module_preset=&#8220;default&#8220; header_2_line_height=&#8220;2.3em&#8220;]<\/p>\n<h2>Preise<\/h2>\n<p>Die Wohnung kostet durchschnittlich <span style=\"text-decoration: underline;\">55 \u20ac<\/span> die Nacht plus einmalig 4<span style=\"text-decoration: underline;\">5 \u20ac<\/span> f\u00fcr die Endreinigung. Bettw\u00e4sche, Handt\u00fccher, WLAN und ein PKW-Stellplatz sind bereits im Preis enthalten. Die aktuellen Preise findest Du bei AirBnB unter dem folgenden <a href=\"https:\/\/www.airbnb.de\/rooms\/13601812?checkin=01.11.2016&amp;checkout=02.11.2016&amp;s=Vd3iWeXI\" target=\"_blank\" rel=\"noopener\">Link<\/a>.<\/p>\n<p>[\/et_pb_text][et_pb_text _builder_version=&#8220;4.9.3&#8243; _module_preset=&#8220;default&#8220; header_2_line_height=&#8220;2.3em&#8220;]<\/p>\n<h2>An- und Abreise<\/h2>\n<p>Die Anreise erfolgt am Anreisetag zwischen 15 und 16 Uhr, oder nach Absprache.\u00a0Die Abreise erfolgt am Abreisetag, wenn nicht anders vereinbart, sp\u00e4testen um 10 Uhr.<\/p>\n<p>[\/et_pb_text][et_pb_text _builder_version=&#8220;4.9.3&#8243; _module_preset=&#8220;default&#8220; header_2_line_height=&#8220;2.3em&#8220;]<\/p>\n<h2>Stornierung und vorzeitiger Abbruch des Aufenthalts<\/h2>\n<p>Eine Stornierung ist bis 14 Tage vor Reiseantritt kostenlos m\u00f6glich, danach ist die H\u00e4lfte des Mietpreises zu entrichten. Bricht der Mieter den Aufenthalt vorzeitig ab, bleibt er zur Zahlung des vollen Mietpreises verpflichtet.<\/p>\n<p>[\/et_pb_text][\/et_pb_column][\/et_pb_row][\/et_pb_section]<\/p>\n","protected":false},"excerpt":{"rendered":"<p>[et_pb_section fb_built=&#8220;1&#8243; admin_label=&#8220;section&#8220; _builder_version=&#8220;4.9.3&#8243; custom_padding=&#8220;0px||||false|false&#8220;][et_pb_row admin_label=&#8220;row&#8220; _builder_version=&#8220;3.25&#8243; background_size=&#8220;initial&#8220; background_position=&#8220;top_left&#8220; background_repeat=&#8220;repeat&#8220;][et_pb_column type=&#8220;4_4&#8243; _builder_version=&#8220;3.25&#8243; custom_padding=&#8220;|||&#8220; custom_padding__hover=&#8220;|||&#8220;][et_pb_text admin_label=&#8220;Text&#8220; _builder_version=&#8220;4.9.3&#8243; header_line_height=&#8220;3em&#8220; header_2_line_height=&#8220;2.3em&#8220; background_size=&#8220;initial&#8220; background_position=&#8220;top_left&#8220; background_repeat=&#8220;repeat&#8220;] Termine &#038; Preise Termine Unseren f\u00fchrenden Kalender findest du bei Air-BnB unter folgendem Link Ferienwohnung UnserKiel. Stelle f\u00fcr die verf\u00fcgbaren Zeitr\u00e4ume gern eine Anfrage per Email oder rufe uns unter der Nummer 01523\/3993-513 an. [&hellip;]<\/p>\n","protected":false},"author":1,"featured_media":45,"parent":0,"menu_order":0,"comment_status":"closed","ping_status":"closed","template":"","meta":{"_et_pb_use_builder":"on","_et_pb_old_content":"<h2>Termine<\/h2>\r\nUnseren f\u00fchrenden Kalender findest du bei <a href=\"http:\/\/www.airbnb.de\/\">Air-BnB<\/a> unter folgendem Link <a href=\"https:\/\/www.airbnb.de\/rooms\/13601812?checkin=01.11.2016&amp;checkout=02.11.2016&amp;s=Vd3iWeXI\" target=\"_blank\">Ferienwohnung UnserKiel<\/a>.\r\n\r\nStelle f\u00fcr die verf\u00fcgbaren Zeitr\u00e4ume gern eine Anfrage per <a href=\"mailto:info@unserkiel.de\" target=\"_blank\">Email<\/a> oder rufe uns unter der Nummer <a href=\"tel:+4915233993513\">01523\/3993-513<\/a> an. Weiterhin hast Du \u00fcber <a href=\"http:\/\/www.airbnb.de\/\">Air-BnB<\/a> die M\u00f6glichkeit einer <a href=\"https:\/\/www.airbnb.de\/rooms\/13601812?checkin=01.11.2016&amp;checkout=02.11.2016&amp;s=Vd3iWeXI\" target=\"_blank\">Sofort-Buchung<\/a>. Das hei\u00dft,\u00a0du brauchst (wenn Du die Kriterien von <a href=\"http:\/\/www.airbnb.de\/\">Air-BnB<\/a> erf\u00fcllst) keine Best\u00e4tigung oder \u00c4hnliches abwarten!!!\r\n<h2>Preise<\/h2>\r\nDie Wohnung kostet durchschnittlich <span style=\"text-decoration: underline;\">55 \u20ac<\/span> die Nacht plus einmalig\u00a0<span style=\"text-decoration: underline;\">35 \u20ac<\/span> f\u00fcr die Endreinigung. Bettw\u00e4sche, Handt\u00fccher, WLAN und ein PKW-Stellplatz sind bereits im Preis enthalten. Die aktuellen Preise findest Du bei AirBnB unter dem folgenden <a href=\"https:\/\/www.airbnb.de\/rooms\/13601812?checkin=01.11.2016&amp;checkout=02.11.2016&amp;s=Vd3iWeXI\" target=\"_blank\">Link<\/a>.\r\n<h2>An- und Abreise<\/h2>\r\nDie Anreise erfolgt am Anreisetag zwischen 15 und 16 Uhr, oder nach Absprache.\u00a0Die Abreise erfolgt am Abreisetag, wenn nicht anders vereinbart, sp\u00e4testen um 10 Uhr.\r\n<h2>Stornierung und vorzeitiger Abbruch des Aufenthalts<\/h2>\r\nEine Stornierung ist bis 24 Stunden vor Reiseantritt jederzeit m\u00f6glich und mit keinen zus\u00e4tzlichen Kosten verbunden.\u00a0Bricht der Mieter den Aufenthalt vorzeitig ab, bleibt er zur Zahlung des vollen Mietpreises verpflichtet.\r\n\r\n&nbsp;\r\n\r\n&nbsp;","_et_gb_content_width":"","footnotes":""},"class_list":["post-25","page","type-page","status-publish","has-post-thumbnail","hentry"],"_links":{"self":[{"href":"https:\/\/unserkiel.de\/index.php?rest_route=\/wp\/v2\/pages\/25","targetHints":{"allow":["GET"]}}],"collection":[{"href":"https:\/\/unserkiel.de\/index.php?rest_route=\/wp\/v2\/pages"}],"about":[{"href":"https:\/\/unserkiel.de\/index.php?rest_route=\/wp\/v2\/types\/page"}],"author":[{"embeddable":true,"href":"https:\/\/unserkiel.de\/index.php?rest_route=\/wp\/v2\/users\/1"}],"replies":[{"embeddable":true,"href":"https:\/\/unserkiel.de\/index.php?rest_route=%2Fwp%2Fv2%2Fcomments&post=25"}],"version-history":[{"count":31,"href":"https:\/\/unserkiel.de\/index.php?rest_route=\/wp\/v2\/pages\/25\/revisions"}],"predecessor-version":[{"id":453,"href":"https:\/\/unserkiel.de\/index.php?rest_route=\/wp\/v2\/pages\/25\/revisions\/453"}],"wp:featuredmedia":[{"embeddable":true,"href":"https:\/\/unserkiel.de\/index.php?rest_route=\/wp\/v2\/media\/45"}],"wp:attachment":[{"href":"https:\/\/unserkiel.de\/index.php?rest_route=%2Fwp%2Fv2%2Fmedia&parent=25"}],"curies":[{"name":"wp","href":"https:\/\/api.w.org\/{rel}","templated":true}]}}