{"id":53,"date":"2016-09-29T22:40:03","date_gmt":"2016-09-29T22:40:03","guid":{"rendered":"http:\/\/unserkiel.de\/?page_id=53"},"modified":"2021-05-24T06:21:34","modified_gmt":"2021-05-24T06:21:34","slug":"anfahrt","status":"publish","type":"page","link":"https:\/\/unserkiel.de\/?page_id=53","title":{"rendered":"Anreise"},"content":{"rendered":"<p>[et_pb_section fb_built=&#8220;1&#8243; admin_label=&#8220;section&#8220; _builder_version=&#8220;4.9.3&#8243; custom_padding=&#8220;0px||||false|false&#8220;][et_pb_row admin_label=&#8220;row&#8220; _builder_version=&#8220;3.25&#8243; background_size=&#8220;initial&#8220; background_position=&#8220;top_left&#8220; background_repeat=&#8220;repeat&#8220;][et_pb_column type=&#8220;4_4&#8243; _builder_version=&#8220;3.25&#8243; custom_padding=&#8220;|||&#8220; custom_padding__hover=&#8220;|||&#8220;][et_pb_text _builder_version=&#8220;4.9.3&#8243; _module_preset=&#8220;default&#8220; header_line_height=&#8220;3em&#8220; header_2_line_height=&#8220;2.3em&#8220;]<\/p>\n<h1>Anreise<\/h1>\n<p>Die Anreise erfolgt am Anreisetag zwischen 15 und 16 Uhr, oder nach Absprache. Die Abreise erfolgt am Abreisetag, wenn nicht anders vereinbart, sp\u00e4testen um 10 Uhr.<\/p>\n<h2>Anfahrt mit dem Auto<\/h2>\n<p>Von der A 215 erreicht Ihr und indem ihr den Schildern &#8222;Flughafen Kiel&#8220; folgt. Hier eine <a href=\"https:\/\/www.google.de\/maps\/dir\/IKEA+M%C3%B6bel+%26+Einrichtungshaus+Kiel,+Westring,+Kiel\/Fritz-Reuter-Stra%C3%9Fe+93,+Kiel\/@54.3556465,10.0637266,12z\/am=t\/data=!3m1!4b1!4m13!4m12!1m5!1m1!1s0x47b25686da79fd4f:0xf153a063407552a8!2m2!1d10.107298!2d54.313975!1m5!1m1!1s0x47b2f8e15b27bcb1:0xe2fe39a4f8da785e!2m2!1d10.1695867!2d54.3961392\" target=\"_blank\" rel=\"noopener\">Wegbeschreibung<\/a>.<\/p>\n<p>[\/et_pb_text][et_pb_text admin_label=&#8220;Text&#8220; _builder_version=&#8220;4.9.3&#8243; background_size=&#8220;initial&#8220; background_position=&#8220;top_left&#8220; background_repeat=&#8220;repeat&#8220; border_radii=&#8220;on|20px|20px|20px|20px&#8220;]<\/p>\n<p><iframe loading=\"lazy\" style=\"border: 0;width:100%\" src=\"https:\/\/www.google.com\/maps\/embed?pb=!1m28!1m12!1m3!1d74402.41657677568!2d10.063726638652389!3d54.355646515462844!2m3!1f0!2f0!3f0!3m2!1i1024!2i768!4f13.1!4m13!3e6!4m5!1s0x47b25686da79fd4f%3A0xf153a063407552a8!2sIKEA+M%C3%B6bel+%26+Einrichtungshaus+Kiel%2C+Westring%2C+Kiel!3m2!1d54.313975!2d10.107298!4m5!1s0x47b2f8e15b27bcb1%3A0xe2fe39a4f8da785e!2sFritz-Reuter-Stra%C3%9Fe+93%2C+Kiel!3m2!1d54.3961392!2d10.1695867!5e0!3m2!1sde!2sde!4v1475188573920\" width=\"800\" height=\"600\" frameborder=\"0\" allowfullscreen=\"allowfullscreen\"><\/iframe><\/p>\n<p>[\/et_pb_text][et_pb_text _builder_version=&#8220;4.9.3&#8243; _module_preset=&#8220;default&#8220; header_2_line_height=&#8220;2.3em&#8220; hover_enabled=&#8220;0&#8243; sticky_enabled=&#8220;0&#8243;]<\/p>\n<h2>Anfahrt mit Zug, Bus oder Taxi<\/h2>\n<p>Vom Hauptbahnhof\u00a0aus nehmt Ihr am Besten die Buslinien <a href=\"https:\/\/www.kvg-kiel.de\/haltestellenfahrplaene\/12_13_1_Umleitung_210111.pdf\" target=\"_blank\" rel=\"noopener\">12\/13<\/a> Richtung Schilksee\/Strande. Die Haltestelle, an der Ihr aussteigen m\u00fcsst, ist &#8211;\u00a0abh\u00e4ngig von der Route &#8211; entweder Claudius-Stra\u00dfe (\u00fcber Friedrichsort) oder Eiche (\u00fcber Hohenleuchte). Weiterhin stehen am Vorplatz des Bahnhofes viele Taxen bereit. Die Fahrt nach Friedrichsort kostet etwa 20 \u20ac.<\/p>\n<p>[\/et_pb_text][et_pb_text _builder_version=&#8220;4.9.3&#8243; _module_preset=&#8220;default&#8220; hover_enabled=&#8220;0&#8243; border_radii=&#8220;on|20px|20px|20px|20px&#8220; sticky_enabled=&#8220;0&#8243;]<iframe src=\"https:\/\/www.google.com\/maps\/embed?pb=!1m24!1m8!1m3!1d74399.85186652!2d10.0726836!3d54.3570628!3m2!1i1024!2i768!4f13.1!4m13!3e3!4m5!1s0x47b2568aad466bf5%3A0x728fef6a48a79a4b!2sKiel%20Hbf%2C%20Sophienblatt%2025-27%2C%2024114%20Kiel!3m2!1d54.315488099999996!2d10.1321519!4m5!1s0x47b2f8e644eb0afb%3A0x4de112e1d4101ffe!2sFritz-Reuter-Stra%C3%9Fe%2C%2024159%20Kiel!3m2!1d54.393848!2d10.1645725!5e0!3m2!1sde!2sde!4v1621829848319!5m2!1sde!2sde\" width=\"100%\" height=\"450\" style=\"border:0;\" allowfullscreen=\"\" loading=\"lazy\"><\/iframe>[\/et_pb_text][\/et_pb_column][\/et_pb_row][\/et_pb_section]<\/p>\n","protected":false},"excerpt":{"rendered":"<p>[et_pb_section fb_built=&#8220;1&#8243; admin_label=&#8220;section&#8220; _builder_version=&#8220;4.9.3&#8243; custom_padding=&#8220;0px||||false|false&#8220;][et_pb_row admin_label=&#8220;row&#8220; _builder_version=&#8220;3.25&#8243; background_size=&#8220;initial&#8220; background_position=&#8220;top_left&#8220; background_repeat=&#8220;repeat&#8220;][et_pb_column type=&#8220;4_4&#8243; _builder_version=&#8220;3.25&#8243; custom_padding=&#8220;|||&#8220; custom_padding__hover=&#8220;|||&#8220;][et_pb_text _builder_version=&#8220;4.9.3&#8243; _module_preset=&#8220;default&#8220; header_line_height=&#8220;3em&#8220; header_2_line_height=&#8220;2.3em&#8220;] Anreise Die Anreise erfolgt am Anreisetag zwischen 15 und 16 Uhr, oder nach Absprache. Die Abreise erfolgt am Abreisetag, wenn nicht anders vereinbart, sp\u00e4testen um 10 Uhr. Anfahrt mit dem Auto Von der A 215 erreicht Ihr [&hellip;]<\/p>\n","protected":false},"author":1,"featured_media":45,"parent":0,"menu_order":0,"comment_status":"closed","ping_status":"closed","template":"","meta":{"_et_pb_use_builder":"on","_et_pb_old_content":"<h2>Anreise mit dem Auto<\/h2>\r\nVon der A 215 erreicht Ihr und indem ihr den Schildern \"Flughafen Kiel\" folgt. Hier eine <a href=\"https:\/\/www.google.de\/maps\/dir\/IKEA+M%C3%B6bel+%26+Einrichtungshaus+Kiel,+Westring,+Kiel\/Fritz-Reuter-Stra%C3%9Fe+93,+Kiel\/@54.3556465,10.0637266,12z\/am=t\/data=!3m1!4b1!4m13!4m12!1m5!1m1!1s0x47b25686da79fd4f:0xf153a063407552a8!2m2!1d10.107298!2d54.313975!1m5!1m1!1s0x47b2f8e15b27bcb1:0xe2fe39a4f8da785e!2m2!1d10.1695867!2d54.3961392\" target=\"_blank\">Wegbeschreibung<\/a>.\r\n\r\n<iframe style=\"border: 0;\" src=\"https:\/\/www.google.com\/maps\/embed?pb=!1m28!1m12!1m3!1d74402.41657677568!2d10.063726638652389!3d54.355646515462844!2m3!1f0!2f0!3f0!3m2!1i1024!2i768!4f13.1!4m13!3e6!4m5!1s0x47b25686da79fd4f%3A0xf153a063407552a8!2sIKEA+M%C3%B6bel+%26+Einrichtungshaus+Kiel%2C+Westring%2C+Kiel!3m2!1d54.313975!2d10.107298!4m5!1s0x47b2f8e15b27bcb1%3A0xe2fe39a4f8da785e!2sFritz-Reuter-Stra%C3%9Fe+93%2C+Kiel!3m2!1d54.3961392!2d10.1695867!5e0!3m2!1sde!2sde!4v1475188573920\" width=\"800\" height=\"600\" frameborder=\"0\" allowfullscreen=\"allowfullscreen\"><\/iframe>\r\n<h2>Anreise\u00a0<span style=\"font-size: 1.375rem;\">mit dem\u00a0Zug<\/span><\/h2>\r\nVom Hauptbahnhof\u00a0aus nehmt Ihr am Besten die Buslinien <a href=\"http:\/\/www.kvg-kiel.de\/haltestellenfahrplaene\/501_502_2.pdf\" target=\"_blank\">501\/502<\/a> Richtung Schilksee\/Strande. Die Haltestelle, an der Ihr aussteigen m\u00fcsst, ist -\u00a0abh\u00e4ngig von der Route - entweder Claudius-Stra\u00dfe (\u00fcber Friedrichsort) oder Eiche (\u00fcber Hohenleuchte). Weiterhin stehen am Vorplatz des Bahnhofes viele Taxen bereit. Die Fahrt nach Friedrichsort kostet etwa 20 \u20ac.","_et_gb_content_width":"","footnotes":""},"class_list":["post-53","page","type-page","status-publish","has-post-thumbnail","hentry"],"_links":{"self":[{"href":"https:\/\/unserkiel.de\/index.php?rest_route=\/wp\/v2\/pages\/53","targetHints":{"allow":["GET"]}}],"collection":[{"href":"https:\/\/unserkiel.de\/index.php?rest_route=\/wp\/v2\/pages"}],"about":[{"href":"https:\/\/unserkiel.de\/index.php?rest_route=\/wp\/v2\/types\/page"}],"author":[{"embeddable":true,"href":"https:\/\/unserkiel.de\/index.php?rest_route=\/wp\/v2\/users\/1"}],"replies":[{"embeddable":true,"href":"https:\/\/unserkiel.de\/index.php?rest_route=%2Fwp%2Fv2%2Fcomments&post=53"}],"version-history":[{"count":19,"href":"https:\/\/unserkiel.de\/index.php?rest_route=\/wp\/v2\/pages\/53\/revisions"}],"predecessor-version":[{"id":405,"href":"https:\/\/unserkiel.de\/index.php?rest_route=\/wp\/v2\/pages\/53\/revisions\/405"}],"wp:featuredmedia":[{"embeddable":true,"href":"https:\/\/unserkiel.de\/index.php?rest_route=\/wp\/v2\/media\/45"}],"wp:attachment":[{"href":"https:\/\/unserkiel.de\/index.php?rest_route=%2Fwp%2Fv2%2Fmedia&parent=53"}],"curies":[{"name":"wp","href":"https:\/\/api.w.org\/{rel}","templated":true}]}}